{"id":705,"date":"2018-10-16T03:55:16","date_gmt":"2018-10-16T03:55:16","guid":{"rendered":"https:\/\/woostify.com\/demos\/fashion1\/?page_id=10"},"modified":"2022-11-24T17:39:52","modified_gmt":"2022-11-24T17:39:52","slug":"my-account-2","status":"publish","type":"page","link":"https:\/\/mini-parfum.fr\/en\/my-account-2\/","title":{"rendered":"MON COMPTE"},"content":{"rendered":"<div class=\"woocommerce\"><\/div>","protected":false},"excerpt":{"rendered":"","protected":false},"author":1,"featured_media":0,"parent":0,"menu_order":0,"comment_status":"closed","ping_status":"closed","template":"","meta":{"_acf_changed":false,"_monsterinsights_skip_tracking":false,"_monsterinsights_sitenote_active":false,"_monsterinsights_sitenote_note":"","_monsterinsights_sitenote_category":0,"footnotes":""},"class_list":["post-705","page","type-page","status-publish","hentry"],"acf":[],"yoast_head":"<!-- This site is optimized with the Yoast SEO plugin v27.3 - https:\/\/yoast.com\/product\/yoast-seo-wordpress\/ -->\n<title>Connexion : MINI-PARFUM.FR<\/title>\n<meta name=\"description\" content=\"Mini-Parfum.fr est sp\u00e9clialis\u00e9 dans la vente de minis parfums. Vos minis parfums en format voyage femme et pour homme inspir\u00e9s par les plus grandes marques.\" \/>\n<meta name=\"robots\" content=\"index, follow, max-snippet:-1, max-image-preview:large, max-video-preview:-1\" \/>\n<link rel=\"canonical\" href=\"https:\/\/mini-parfum.fr\/en\/my-account-2\/\" \/>\n<meta property=\"og:locale\" content=\"en_US\" \/>\n<meta property=\"og:type\" content=\"article\" \/>\n<meta property=\"og:title\" content=\"Connexion : MINI-PARFUM.FR\" \/>\n<meta property=\"og:description\" content=\"Mini-Parfum.fr est sp\u00e9clialis\u00e9 dans la vente de minis parfums. Vos minis parfums en format voyage femme et pour homme inspir\u00e9s par les plus grandes marques.\" \/>\n<meta property=\"og:url\" content=\"https:\/\/mini-parfum.fr\/en\/my-account-2\/\" \/>\n<meta property=\"og:site_name\" content=\"Mini Parfum\" \/>\n<meta property=\"article:publisher\" content=\"https:\/\/www.facebook.com\/parfumdepoches\" \/>\n<meta property=\"article:modified_time\" content=\"2022-11-24T17:39:52+00:00\" \/>\n<meta property=\"og:image\" content=\"https:\/\/mini-parfum.fr\/wp-content\/uploads\/2020\/05\/SITE.jpg\" \/>\n\t<meta property=\"og:image:width\" content=\"1203\" \/>\n\t<meta property=\"og:image:height\" content=\"625\" \/>\n\t<meta property=\"og:image:type\" content=\"image\/jpeg\" \/>\n<meta name=\"twitter:card\" content=\"summary_large_image\" \/>\n<meta name=\"twitter:label1\" content=\"Est. reading time\" \/>\n\t<meta name=\"twitter:data1\" content=\"1 minute\" \/>\n<script type=\"application\/ld+json\" class=\"yoast-schema-graph\">{\"@context\":\"https:\\\/\\\/schema.org\",\"@graph\":[{\"@type\":\"WebPage\",\"@id\":\"https:\\\/\\\/mini-parfum.fr\\\/my-account-2\\\/\",\"url\":\"https:\\\/\\\/mini-parfum.fr\\\/my-account-2\\\/\",\"name\":\"Connexion : MINI-PARFUM.FR\",\"isPartOf\":{\"@id\":\"https:\\\/\\\/mini-parfum.fr\\\/#website\"},\"datePublished\":\"2018-10-16T03:55:16+00:00\",\"dateModified\":\"2022-11-24T17:39:52+00:00\",\"description\":\"Mini-Parfum.fr est sp\u00e9clialis\u00e9 dans la vente de minis parfums. Vos minis parfums en format voyage femme et pour homme inspir\u00e9s par les plus grandes marques.\",\"breadcrumb\":{\"@id\":\"https:\\\/\\\/mini-parfum.fr\\\/my-account-2\\\/#breadcrumb\"},\"inLanguage\":\"en-US\",\"potentialAction\":[{\"@type\":\"ReadAction\",\"target\":[\"https:\\\/\\\/mini-parfum.fr\\\/my-account-2\\\/\"]}]},{\"@type\":\"BreadcrumbList\",\"@id\":\"https:\\\/\\\/mini-parfum.fr\\\/my-account-2\\\/#breadcrumb\",\"itemListElement\":[{\"@type\":\"ListItem\",\"position\":1,\"name\":\"Home\",\"item\":\"https:\\\/\\\/mini-parfum.fr\\\/\"},{\"@type\":\"ListItem\",\"position\":2,\"name\":\"MON COMPTE\"}]},{\"@type\":\"WebSite\",\"@id\":\"https:\\\/\\\/mini-parfum.fr\\\/#website\",\"url\":\"https:\\\/\\\/mini-parfum.fr\\\/\",\"name\":\"Mini Parfum\",\"description\":\"Mini Parfum indispensable\",\"publisher\":{\"@id\":\"https:\\\/\\\/mini-parfum.fr\\\/#organization\"},\"potentialAction\":[{\"@type\":\"SearchAction\",\"target\":{\"@type\":\"EntryPoint\",\"urlTemplate\":\"https:\\\/\\\/mini-parfum.fr\\\/?s={search_term_string}\"},\"query-input\":{\"@type\":\"PropertyValueSpecification\",\"valueRequired\":true,\"valueName\":\"search_term_string\"}}],\"inLanguage\":\"en-US\"},{\"@type\":\"Organization\",\"@id\":\"https:\\\/\\\/mini-parfum.fr\\\/#organization\",\"name\":\"Mini Parfum\",\"url\":\"https:\\\/\\\/mini-parfum.fr\\\/\",\"logo\":{\"@type\":\"ImageObject\",\"inLanguage\":\"en-US\",\"@id\":\"https:\\\/\\\/mini-parfum.fr\\\/#\\\/schema\\\/logo\\\/image\\\/\",\"url\":\"https:\\\/\\\/mini-parfum.fr\\\/wp-content\\\/uploads\\\/2022\\\/11\\\/LOGO-SITE-PARFUMS-e1668252660261.png\",\"contentUrl\":\"https:\\\/\\\/mini-parfum.fr\\\/wp-content\\\/uploads\\\/2022\\\/11\\\/LOGO-SITE-PARFUMS-e1668252660261.png\",\"width\":198,\"height\":190,\"caption\":\"Mini Parfum\"},\"image\":{\"@id\":\"https:\\\/\\\/mini-parfum.fr\\\/#\\\/schema\\\/logo\\\/image\\\/\"},\"sameAs\":[\"https:\\\/\\\/www.facebook.com\\\/parfumdepoches\"]}]}<\/script>\n<!-- \/ Yoast SEO plugin. -->","yoast_head_json":{"title":"Connexion : MINI-PARFUM.FR","description":"Mini-Parfum.fr est sp\u00e9clialis\u00e9 dans la vente de minis parfums. Vos minis parfums en format voyage femme et pour homme inspir\u00e9s par les plus grandes marques.","robots":{"index":"index","follow":"follow","max-snippet":"max-snippet:-1","max-image-preview":"max-image-preview:large","max-video-preview":"max-video-preview:-1"},"canonical":"https:\/\/mini-parfum.fr\/en\/my-account-2\/","og_locale":"en_US","og_type":"article","og_title":"Connexion : MINI-PARFUM.FR","og_description":"Mini-Parfum.fr est sp\u00e9clialis\u00e9 dans la vente de minis parfums. Vos minis parfums en format voyage femme et pour homme inspir\u00e9s par les plus grandes marques.","og_url":"https:\/\/mini-parfum.fr\/en\/my-account-2\/","og_site_name":"Mini Parfum","article_publisher":"https:\/\/www.facebook.com\/parfumdepoches","article_modified_time":"2022-11-24T17:39:52+00:00","og_image":[{"width":1203,"height":625,"url":"https:\/\/mini-parfum.fr\/wp-content\/uploads\/2020\/05\/SITE.jpg","type":"image\/jpeg"}],"twitter_card":"summary_large_image","twitter_misc":{"Est. reading time":"1 minute"},"schema":{"@context":"https:\/\/schema.org","@graph":[{"@type":"WebPage","@id":"https:\/\/mini-parfum.fr\/my-account-2\/","url":"https:\/\/mini-parfum.fr\/my-account-2\/","name":"Connexion : MINI-PARFUM.FR","isPartOf":{"@id":"https:\/\/mini-parfum.fr\/#website"},"datePublished":"2018-10-16T03:55:16+00:00","dateModified":"2022-11-24T17:39:52+00:00","description":"Mini-Parfum.fr est sp\u00e9clialis\u00e9 dans la vente de minis parfums. Vos minis parfums en format voyage femme et pour homme inspir\u00e9s par les plus grandes marques.","breadcrumb":{"@id":"https:\/\/mini-parfum.fr\/my-account-2\/#breadcrumb"},"inLanguage":"en-US","potentialAction":[{"@type":"ReadAction","target":["https:\/\/mini-parfum.fr\/my-account-2\/"]}]},{"@type":"BreadcrumbList","@id":"https:\/\/mini-parfum.fr\/my-account-2\/#breadcrumb","itemListElement":[{"@type":"ListItem","position":1,"name":"Home","item":"https:\/\/mini-parfum.fr\/"},{"@type":"ListItem","position":2,"name":"MON COMPTE"}]},{"@type":"WebSite","@id":"https:\/\/mini-parfum.fr\/#website","url":"https:\/\/mini-parfum.fr\/","name":"Mini Parfum","description":"Mini Parfum indispensable","publisher":{"@id":"https:\/\/mini-parfum.fr\/#organization"},"potentialAction":[{"@type":"SearchAction","target":{"@type":"EntryPoint","urlTemplate":"https:\/\/mini-parfum.fr\/?s={search_term_string}"},"query-input":{"@type":"PropertyValueSpecification","valueRequired":true,"valueName":"search_term_string"}}],"inLanguage":"en-US"},{"@type":"Organization","@id":"https:\/\/mini-parfum.fr\/#organization","name":"Mini Parfum","url":"https:\/\/mini-parfum.fr\/","logo":{"@type":"ImageObject","inLanguage":"en-US","@id":"https:\/\/mini-parfum.fr\/#\/schema\/logo\/image\/","url":"https:\/\/mini-parfum.fr\/wp-content\/uploads\/2022\/11\/LOGO-SITE-PARFUMS-e1668252660261.png","contentUrl":"https:\/\/mini-parfum.fr\/wp-content\/uploads\/2022\/11\/LOGO-SITE-PARFUMS-e1668252660261.png","width":198,"height":190,"caption":"Mini Parfum"},"image":{"@id":"https:\/\/mini-parfum.fr\/#\/schema\/logo\/image\/"},"sameAs":["https:\/\/www.facebook.com\/parfumdepoches"]}]}},"jetpack_sharing_enabled":true,"post-meta":{"_elementor_controls_usage":["a:0:{}"],"_wxr_import_user_slug":["vahe"],"_edit_lock":["1669311592:1"],"_edit_last":["1"],"site-container":["default"],"site-header-transparent":["default"],"site-page-header":["default"],"site-sidebar":["default"],"_wp_page_template":["default"],"rank_math_robots":["a:1:{i:0;s:5:\"index\";}"],"rank_math_focus_keyword":["mon compte parfum de poche"],"_yoast_wpseo_title":["Connexion : MINI-PARFUM.FR"],"_last_editor_used_jetpack":["block-editor"],"hefo_before":["0"],"hefo_after":["0"],"ao_post_optimize":["a:6:{s:16:\"ao_post_optimize\";s:2:\"on\";s:19:\"ao_post_js_optimize\";s:2:\"on\";s:20:\"ao_post_css_optimize\";s:2:\"on\";s:12:\"ao_post_ccss\";s:2:\"on\";s:16:\"ao_post_lazyload\";s:2:\"on\";s:15:\"ao_post_preload\";s:0:\"\";}"],"_yoast_wpseo_estimated-reading-time-minutes":["1"],"_yoast_wpseo_wordproof_timestamp":[""],"_eael_post_view_count":["1245"]},"_links":{"self":[{"href":"https:\/\/mini-parfum.fr\/en\/wp-json\/wp\/v2\/pages\/705","targetHints":{"allow":["GET"]}}],"collection":[{"href":"https:\/\/mini-parfum.fr\/en\/wp-json\/wp\/v2\/pages"}],"about":[{"href":"https:\/\/mini-parfum.fr\/en\/wp-json\/wp\/v2\/types\/page"}],"author":[{"embeddable":true,"href":"https:\/\/mini-parfum.fr\/en\/wp-json\/wp\/v2\/users\/1"}],"replies":[{"embeddable":true,"href":"https:\/\/mini-parfum.fr\/en\/wp-json\/wp\/v2\/comments?post=705"}],"version-history":[{"count":1,"href":"https:\/\/mini-parfum.fr\/en\/wp-json\/wp\/v2\/pages\/705\/revisions"}],"predecessor-version":[{"id":5364,"href":"https:\/\/mini-parfum.fr\/en\/wp-json\/wp\/v2\/pages\/705\/revisions\/5364"}],"wp:attachment":[{"href":"https:\/\/mini-parfum.fr\/en\/wp-json\/wp\/v2\/media?parent=705"}],"curies":[{"name":"wp","href":"https:\/\/api.w.org\/{rel}","templated":true}]}}